{"id":382,"date":"2024-12-20T10:05:53","date_gmt":"2024-12-20T09:05:53","guid":{"rendered":"https:\/\/eduardmartin.com\/qui-soc\/"},"modified":"2025-02-19T16:26:06","modified_gmt":"2025-02-19T15:26:06","slug":"qui-soc","status":"publish","type":"page","link":"https:\/\/eduardmartin.com\/ca\/qui-soc\/","title":{"rendered":"Qui S\u00f3c"},"content":{"rendered":"<style>.kb-row-layout-wrap.wp-block-kadence-rowlayout.kb-row-layout-id265_7eb200-17{margin-top:-50px;margin-bottom:50px;}.kb-row-layout-id265_7eb200-17 > .kt-row-column-wrap{align-content:start;}:where(.kb-row-layout-id265_7eb200-17 > .kt-row-column-wrap) > .wp-block-kadence-column{justify-content:start;}.kb-row-layout-id265_7eb200-17 > .kt-row-column-wrap{column-gap:var(--global-kb-gap-lg, 4rem);row-gap:var(--global-kb-gap-md, 2rem);padding-top:0px;padding-bottom:0px;grid-template-columns:repeat(2, minmax(0, 1fr));}.kb-row-layout-id265_7eb200-17 > .kt-row-layout-overlay{opacity:0.30;}@media all and (max-width: 1024px){.kb-row-layout-id265_7eb200-17 > .kt-row-column-wrap{grid-template-columns:repeat(2, minmax(0, 1fr));}}@media all and (max-width: 767px){.kb-row-layout-id265_7eb200-17 > .kt-row-column-wrap{grid-template-columns:minmax(0, 1fr);}}<\/style><div class=\"kb-row-layout-wrap kb-row-layout-id265_7eb200-17 alignnone wp-block-kadence-rowlayout\"><div class=\"kt-row-column-wrap kt-has-2-columns kt-row-layout-equal kt-tab-layout-inherit kt-mobile-layout-row kt-row-valign-top\">\n<style>.kadence-column265_719b28-ac > .kt-inside-inner-col{padding-top:100px;padding-bottom:80px;}.kadence-column265_719b28-ac > .kt-inside-inner-col,.kadence-column265_719b28-ac > .kt-inside-inner-col:before{border-top-left-radius:0px;border-top-right-radius:0px;border-bottom-right-radius:0px;border-bottom-left-radius:0px;}.kadence-column265_719b28-ac > .kt-inside-inner-col{column-gap:var(--global-kb-gap-sm, 1rem);}.kadence-column265_719b28-ac > .kt-inside-inner-col{flex-direction:column;}.kadence-column265_719b28-ac > .kt-inside-inner-col > .aligncenter{width:100%;}.kadence-column265_719b28-ac > .kt-inside-inner-col:before{opacity:0.3;}.kadence-column265_719b28-ac{position:relative;}@media all and (max-width: 1024px){.kadence-column265_719b28-ac > .kt-inside-inner-col{flex-direction:column;justify-content:center;}}@media all and (max-width: 767px){.kadence-column265_719b28-ac > .kt-inside-inner-col{flex-direction:column;justify-content:center;}}<\/style>\n<div class=\"wp-block-kadence-column kadence-column265_719b28-ac\"><div class=\"kt-inside-inner-col\"><style>.wp-block-kadence-advancedheading.kt-adv-heading265_14fd97-68, .wp-block-kadence-advancedheading.kt-adv-heading265_14fd97-68[data-kb-block=\"kb-adv-heading265_14fd97-68\"]{font-size:55px;font-style:normal;}.wp-block-kadence-advancedheading.kt-adv-heading265_14fd97-68 mark.kt-highlight, .wp-block-kadence-advancedheading.kt-adv-heading265_14fd97-68[data-kb-block=\"kb-adv-heading265_14fd97-68\"] mark.kt-highlight{font-style:normal;color:#f76a0c;-webkit-box-decoration-break:clone;box-decoration-break:clone;padding-top:0px;padding-right:0px;padding-bottom:0px;padding-left:0px;}.wp-block-kadence-advancedheading.kt-adv-heading265_14fd97-68 img.kb-inline-image, .wp-block-kadence-advancedheading.kt-adv-heading265_14fd97-68[data-kb-block=\"kb-adv-heading265_14fd97-68\"] img.kb-inline-image{width:150px;vertical-align:baseline;}@media all and (max-width: 767px){.wp-block-kadence-advancedheading.kt-adv-heading265_14fd97-68, .wp-block-kadence-advancedheading.kt-adv-heading265_14fd97-68[data-kb-block=\"kb-adv-heading265_14fd97-68\"]{font-size:35px;}}<\/style>\n<h1 class=\"kt-adv-heading265_14fd97-68 wp-block-kadence-advancedheading has-theme-palette-1-color has-text-color\" data-kb-block=\"kb-adv-heading265_14fd97-68\" data-aos=\"slide-left\">Eduard Mart\u00edn  <\/h1>\n\n\n<style>.wp-block-kadence-advancedheading.kt-adv-heading265_48d160-e6, .wp-block-kadence-advancedheading.kt-adv-heading265_48d160-e6[data-kb-block=\"kb-adv-heading265_48d160-e6\"]{padding-bottom:30px;font-style:normal;}.wp-block-kadence-advancedheading.kt-adv-heading265_48d160-e6 mark.kt-highlight, .wp-block-kadence-advancedheading.kt-adv-heading265_48d160-e6[data-kb-block=\"kb-adv-heading265_48d160-e6\"] mark.kt-highlight{font-style:normal;color:#f76a0c;-webkit-box-decoration-break:clone;box-decoration-break:clone;padding-top:0px;padding-right:0px;padding-bottom:0px;padding-left:0px;}.wp-block-kadence-advancedheading.kt-adv-heading265_48d160-e6 img.kb-inline-image, .wp-block-kadence-advancedheading.kt-adv-heading265_48d160-e6[data-kb-block=\"kb-adv-heading265_48d160-e6\"] img.kb-inline-image{width:150px;vertical-align:baseline;}@media all and (max-width: 767px){.wp-block-kadence-advancedheading.kt-adv-heading265_48d160-e6, .wp-block-kadence-advancedheading.kt-adv-heading265_48d160-e6[data-kb-block=\"kb-adv-heading265_48d160-e6\"]{font-size:25px;}}<\/style>\n<h2 class=\"kt-adv-heading265_48d160-e6 wp-block-kadence-advancedheading has-theme-palette-3-color has-text-color\" data-kb-block=\"kb-adv-heading265_48d160-e6\">Perfil Professional<\/h2>\n\n\n\n<p>S\u00f3c <strong>psic\u00f2leg d&#8217;orientaci\u00f3 psicoanal\u00edtica<\/strong> format a la <em>Universitat Oberta de Catalunya<\/em> amb un m\u00e0ster en <em>Actuaci\u00f3 Cl\u00ednica en Psicoan\u00e0lisi i Psicopatologia per la Universitat de Barcelona<\/em> . La meva formaci\u00f3 acad\u00e8mica, combinada amb la meva experi\u00e8ncia pr\u00e0ctica, m&#8217;ha perm\u00e8s desenvolupar una base s\u00f2lida en el tractament de diverses problem\u00e0tiques psicol\u00f2giques en l&#8217;\u00e0mbit emocional i relacional. <\/p>\n\n\n\n<p>El s\u00edmptoma que porta cada persona no \u00e9s nom\u00e9s una construcci\u00f3, \u00e9s una cosa que \u00e9s viva, que es modifica. La parla \u00e9s un element fonamental a les sessions per esbrinar la veritable funci\u00f3 del s\u00edmptoma. <\/p>\n<\/div><\/div>\n\n\n<style>.kadence-column265_7eb664-a7 > .kt-inside-inner-col{display:flex;}.kadence-column265_7eb664-a7 > .kt-inside-inner-col,.kadence-column265_7eb664-a7 > .kt-inside-inner-col:before{border-top-left-radius:0px;border-top-right-radius:0px;border-bottom-right-radius:0px;border-bottom-left-radius:0px;}.kadence-column265_7eb664-a7 > .kt-inside-inner-col{column-gap:var(--global-kb-gap-sm, 1rem);}.kadence-column265_7eb664-a7 > .kt-inside-inner-col{flex-direction:column;justify-content:flex-end;}.kadence-column265_7eb664-a7 > .kt-inside-inner-col > .aligncenter{width:100%;}.kt-row-column-wrap > .kadence-column265_7eb664-a7{align-self:flex-end;}.kt-inner-column-height-full:not(.kt-has-1-columns) > .wp-block-kadence-column.kadence-column265_7eb664-a7{align-self:auto;}.kt-inner-column-height-full:not(.kt-has-1-columns) > .wp-block-kadence-column.kadence-column265_7eb664-a7 > .kt-inside-inner-col{flex-direction:column;justify-content:flex-end;}.kadence-column265_7eb664-a7 > .kt-inside-inner-col:before{opacity:0.3;}.kadence-column265_7eb664-a7{position:relative;}.kadence-column265_7eb664-a7, .kt-inside-inner-col > .kadence-column265_7eb664-a7:not(.specificity){margin-top:-50px;}@media all and (max-width: 1024px){.kt-row-column-wrap > .kadence-column265_7eb664-a7{align-self:flex-end;}}@media all and (max-width: 1024px){.kt-inner-column-height-full:not(.kt-has-1-columns) > .wp-block-kadence-column.kadence-column265_7eb664-a7{align-self:auto;}}@media all and (max-width: 1024px){.kt-inner-column-height-full:not(.kt-has-1-columns) > .wp-block-kadence-column.kadence-column265_7eb664-a7 > .kt-inside-inner-col{flex-direction:column;justify-content:flex-end;}}@media all and (max-width: 1024px){.kadence-column265_7eb664-a7 > .kt-inside-inner-col{flex-direction:column;justify-content:flex-end;}}@media all and (max-width: 767px){.kt-row-column-wrap > .kadence-column265_7eb664-a7{align-self:flex-end;}.kt-inner-column-height-full:not(.kt-has-1-columns) > .wp-block-kadence-column.kadence-column265_7eb664-a7{align-self:auto;}.kt-inner-column-height-full:not(.kt-has-1-columns) > .wp-block-kadence-column.kadence-column265_7eb664-a7 > .kt-inside-inner-col{flex-direction:column;justify-content:flex-end;}.kadence-column265_7eb664-a7 > .kt-inside-inner-col{flex-direction:column;justify-content:flex-end;}}<\/style>\n<div class=\"wp-block-kadence-column kadence-column265_7eb664-a7\"><div class=\"kt-inside-inner-col\"><style>.kb-image265_0b6ad5-1d .kb-image-has-overlay:after{opacity:0.3;}<\/style>\n<figure class=\"wp-block-kadence-image kb-image265_0b6ad5-1d\"><img loading=\"lazy\" decoding=\"async\" width=\"1600\" height=\"1067\" src=\"https:\/\/eduardmartin.com\/wp-content\/uploads\/2024\/12\/Eduard_Martin-WEB-Fotografo-Davit_Payas-05.jpg\" alt=\"\" class=\"kb-img wp-image-266\" srcset=\"https:\/\/eduardmartin.com\/wp-content\/uploads\/2024\/12\/Eduard_Martin-WEB-Fotografo-Davit_Payas-05.jpg 1600w, https:\/\/eduardmartin.com\/wp-content\/uploads\/2024\/12\/Eduard_Martin-WEB-Fotografo-Davit_Payas-05-300x200.jpg 300w, https:\/\/eduardmartin.com\/wp-content\/uploads\/2024\/12\/Eduard_Martin-WEB-Fotografo-Davit_Payas-05-1024x683.jpg 1024w, https:\/\/eduardmartin.com\/wp-content\/uploads\/2024\/12\/Eduard_Martin-WEB-Fotografo-Davit_Payas-05-768x512.jpg 768w, https:\/\/eduardmartin.com\/wp-content\/uploads\/2024\/12\/Eduard_Martin-WEB-Fotografo-Davit_Payas-05-1536x1024.jpg 1536w, https:\/\/eduardmartin.com\/wp-content\/uploads\/2024\/12\/Eduard_Martin-WEB-Fotografo-Davit_Payas-05-600x400.jpg 600w\" sizes=\"auto, (max-width: 1600px) 100vw, 1600px\" \/><\/figure>\n\n\n<style>.wp-block-kadence-image.kb-image265_ea6d25-0b:not(.kb-specificity-added):not(.kb-extra-specificity-added){margin-top:-50px;}.kb-image265_ea6d25-0b .kb-image-has-overlay:after{opacity:0.3;}<\/style>\n<div class=\"wp-block-kadence-image kb-image265_ea6d25-0b\" data-aos=\"slide-down\" data-aos-duration=\"2000\"><figure class=\"aligncenter size-medium\"><img loading=\"lazy\" decoding=\"async\" width=\"300\" height=\"101\" src=\"https:\/\/eduardmartin.com\/wp-content\/uploads\/2024\/12\/segell-300x101.jpg\" alt=\"\" class=\"kb-img wp-image-269\" srcset=\"https:\/\/eduardmartin.com\/wp-content\/uploads\/2024\/12\/segell-300x101.jpg 300w, https:\/\/eduardmartin.com\/wp-content\/uploads\/2024\/12\/segell.jpg 555w\" sizes=\"auto, (max-width: 300px) 100vw, 300px\" \/><\/figure><\/div>\n<\/div><\/div>\n\n<\/div><\/div><style>.kb-row-layout-id265_71a24e-9c > .kt-row-column-wrap{align-content:start;}:where(.kb-row-layout-id265_71a24e-9c > .kt-row-column-wrap) > .wp-block-kadence-column{justify-content:start;}.kb-row-layout-id265_71a24e-9c > .kt-row-column-wrap{column-gap:var(--global-kb-gap-md, 2rem);row-gap:var(--global-kb-gap-md, 2rem);max-width:var( --global-content-width, 1290px );padding-left:var(--global-content-edge-padding);padding-right:var(--global-content-edge-padding);padding-top:71px;padding-right:24px;padding-bottom:0px;padding-left:24px;grid-template-columns:minmax(0, 1fr);}.kb-row-layout-id265_71a24e-9c > .kt-row-layout-overlay{opacity:0.30;}@media all and (max-width: 1024px){.kb-row-layout-id265_71a24e-9c > .kt-row-column-wrap{grid-template-columns:minmax(0, 1fr);}}@media all and (max-width: 767px){.kb-row-layout-id265_71a24e-9c > .kt-row-column-wrap{grid-template-columns:minmax(0, 1fr);}}<\/style><div class=\"kb-row-layout-wrap kb-row-layout-id265_71a24e-9c alignfull has-theme-palette1-background-color kt-row-has-bg wp-block-kadence-rowlayout\"><div class=\"kt-row-column-wrap kt-has-1-columns kt-row-layout-equal kt-tab-layout-inherit kt-mobile-layout-row kt-row-valign-top kb-theme-content-width\">\n<style>.kadence-column265_c9e820-99 > .kt-inside-inner-col,.kadence-column265_c9e820-99 > .kt-inside-inner-col:before{border-top-left-radius:0px;border-top-right-radius:0px;border-bottom-right-radius:0px;border-bottom-left-radius:0px;}.kadence-column265_c9e820-99 > .kt-inside-inner-col{column-gap:var(--global-kb-gap-sm, 1rem);}.kadence-column265_c9e820-99 > .kt-inside-inner-col{flex-direction:column;}.kadence-column265_c9e820-99 > .kt-inside-inner-col > .aligncenter{width:100%;}.kadence-column265_c9e820-99 > .kt-inside-inner-col:before{opacity:0.3;}.kadence-column265_c9e820-99{position:relative;}@media all and (max-width: 1024px){.kadence-column265_c9e820-99 > .kt-inside-inner-col{flex-direction:column;justify-content:center;}}@media all and (max-width: 767px){.kadence-column265_c9e820-99 > .kt-inside-inner-col{flex-direction:column;justify-content:center;}}<\/style>\n<div class=\"wp-block-kadence-column kadence-column265_c9e820-99\"><div class=\"kt-inside-inner-col\"><style>.wp-block-kadence-advancedheading.kt-adv-heading265_5baeb6-cd, .wp-block-kadence-advancedheading.kt-adv-heading265_5baeb6-cd[data-kb-block=\"kb-adv-heading265_5baeb6-cd\"]{text-align:center;font-size:50px;font-style:normal;}.wp-block-kadence-advancedheading.kt-adv-heading265_5baeb6-cd mark.kt-highlight, .wp-block-kadence-advancedheading.kt-adv-heading265_5baeb6-cd[data-kb-block=\"kb-adv-heading265_5baeb6-cd\"] mark.kt-highlight{font-style:normal;color:#f76a0c;-webkit-box-decoration-break:clone;box-decoration-break:clone;padding-top:0px;padding-right:0px;padding-bottom:0px;padding-left:0px;}.wp-block-kadence-advancedheading.kt-adv-heading265_5baeb6-cd img.kb-inline-image, .wp-block-kadence-advancedheading.kt-adv-heading265_5baeb6-cd[data-kb-block=\"kb-adv-heading265_5baeb6-cd\"] img.kb-inline-image{width:150px;vertical-align:baseline;}@media all and (max-width: 767px){.wp-block-kadence-advancedheading.kt-adv-heading265_5baeb6-cd, .wp-block-kadence-advancedheading.kt-adv-heading265_5baeb6-cd[data-kb-block=\"kb-adv-heading265_5baeb6-cd\"]{font-size:40px;}}<\/style>\n<h3 class=\"kt-adv-heading265_5baeb6-cd wp-block-kadence-advancedheading has-theme-palette-9-color has-text-color\" data-kb-block=\"kb-adv-heading265_5baeb6-cd\" data-aos=\"slide-right\"><strong>Experi\u00e8ncia Professional<\/strong><\/h3>\n<\/div><\/div>\n\n<\/div><\/div><style>.kb-row-layout-wrap.wp-block-kadence-rowlayout.kb-row-layout-id265_b50708-49{margin-top:0px;margin-bottom:0px;}.kb-row-layout-id265_b50708-49 > .kt-row-column-wrap{align-content:start;}:where(.kb-row-layout-id265_b50708-49 > .kt-row-column-wrap) > .wp-block-kadence-column{justify-content:start;}.kb-row-layout-id265_b50708-49 > .kt-row-column-wrap{column-gap:var(--global-kb-gap-md, 2rem);row-gap:var(--global-kb-gap-md, 2rem);max-width:var( --global-content-width, 1290px );padding-left:var(--global-content-edge-padding);padding-right:var(--global-content-edge-padding);padding-top:48px;padding-right:24px;padding-bottom:87px;padding-left:24px;}.kb-row-layout-id265_b50708-49 > .kt-row-column-wrap > div:not(.added-for-specificity){grid-column:initial;}.kb-row-layout-id265_b50708-49 > .kt-row-column-wrap{grid-template-columns:repeat(3, minmax(0, 1fr));}.kb-row-layout-id265_b50708-49 > .kt-row-layout-overlay{opacity:0.30;}@media all and (max-width: 1024px){.kb-row-layout-id265_b50708-49 > .kt-row-column-wrap > div:not(.added-for-specificity){grid-column:initial;}}@media all and (max-width: 1024px){.kb-row-layout-id265_b50708-49 > .kt-row-column-wrap{grid-template-columns:repeat(3, minmax(0, 1fr));}}@media all and (max-width: 767px){.kb-row-layout-id265_b50708-49 > .kt-row-column-wrap > div:not(.added-for-specificity){grid-column:initial;}.kb-row-layout-id265_b50708-49 > .kt-row-column-wrap{grid-template-columns:minmax(0, 1fr);}}<\/style><div class=\"kb-row-layout-wrap kb-row-layout-id265_b50708-49 alignfull has-theme-palette1-background-color kt-row-has-bg wp-block-kadence-rowlayout\"><div class=\"kt-row-column-wrap kt-has-3-columns kt-row-layout-equal kt-tab-layout-inherit kt-mobile-layout-row kt-row-valign-top kb-theme-content-width\">\n<style>.kadence-column265_c9a333-29 > .kt-inside-inner-col,.kadence-column265_c9a333-29 > .kt-inside-inner-col:before{border-top-left-radius:0px;border-top-right-radius:0px;border-bottom-right-radius:0px;border-bottom-left-radius:0px;}.kadence-column265_c9a333-29 > .kt-inside-inner-col{column-gap:var(--global-kb-gap-sm, 1rem);}.kadence-column265_c9a333-29 > .kt-inside-inner-col{flex-direction:column;}.kadence-column265_c9a333-29 > .kt-inside-inner-col > .aligncenter{width:100%;}.kadence-column265_c9a333-29 > .kt-inside-inner-col:before{opacity:0.3;}.kadence-column265_c9a333-29{position:relative;}@media all and (max-width: 1024px){.kadence-column265_c9a333-29 > .kt-inside-inner-col{flex-direction:column;justify-content:center;}}@media all and (max-width: 767px){.kadence-column265_c9a333-29 > .kt-inside-inner-col{flex-direction:column;justify-content:center;}}<\/style>\n<div class=\"wp-block-kadence-column kadence-column265_c9a333-29\"><div class=\"kt-inside-inner-col\"><style>.wp-block-kadence-column.kb-section-dir-horizontal > .kt-inside-inner-col > .kt-info-box265_1a37fd-7b .kt-blocks-info-box-link-wrap{max-width:unset;}.kt-info-box265_1a37fd-7b .kt-blocks-info-box-link-wrap{background:rgba(0,0,0,0);padding-top:var(--global-kb-spacing-xs, 1rem);padding-right:var(--global-kb-spacing-xs, 1rem);padding-bottom:var(--global-kb-spacing-xs, 1rem);padding-left:var(--global-kb-spacing-xs, 1rem);}.kt-info-box265_1a37fd-7b .kadence-info-box-icon-container .kt-info-svg-icon, .kt-info-box265_1a37fd-7b .kt-info-svg-icon-flip, .kt-info-box265_1a37fd-7b .kt-blocks-info-box-number{font-size:50px;}.kt-info-box265_1a37fd-7b .kt-blocks-info-box-media{color:var(--global-palette9, #ffffff);border-top-width:0px;border-right-width:0px;border-bottom-width:0px;border-left-width:0px;padding-top:10px;padding-right:10px;padding-bottom:10px;padding-left:10px;}.kt-info-box265_1a37fd-7b .kt-blocks-info-box-media-container{margin-top:0px;margin-right:15px;margin-bottom:0px;margin-left:15px;}.kt-info-box265_1a37fd-7b .kt-infobox-textcontent h2.kt-blocks-info-box-title{color:var(--global-palette9, #ffffff);}.kt-info-box265_1a37fd-7b .kt-infobox-textcontent .kt-blocks-info-box-text{color:var(--global-palette9, #ffffff);}.kt-info-box265_1a37fd-7b .kt-blocks-info-box-learnmore{color:var(--global-palette9, #ffffff);background:transparent;border-color:var(--global-palette9, #ffffff);border-width:1px 0px 0px 0px;padding-top:10px;padding-right:40px;padding-bottom:0px;padding-left:40px;margin-top:30px;margin-right:0px;margin-bottom:10px;margin-left:0px;}<\/style>\n<div class=\"wp-block-kadence-infobox kt-info-box265_1a37fd-7b\"><span class=\"kt-blocks-info-box-link-wrap info-box-link kt-blocks-info-box-media-align-top kt-info-halign-center\"><div class=\"kt-infobox-textcontent\"><p class=\"kt-blocks-info-box-text\"><strong>Col\u00b7laborador en Psic\u00f2legs sense Fronteres Catalunya<\/strong> (PSFC): He participat en projectes d&#8217;intervenci\u00f3 psicol\u00f2gica tant en contextos socials com individuals, fet que m&#8217;ha brindat l&#8217;oportunitat de treballar amb poblacions vulnerables i adquirir habilitats en l&#8217;adaptaci\u00f3 de t\u00e8cniques terap\u00e8utiques a diferents realitats.<\/p><\/div><\/span><\/div>\n<\/div><\/div>\n\n\n<style>.kadence-column265_2bb671-23 > .kt-inside-inner-col,.kadence-column265_2bb671-23 > .kt-inside-inner-col:before{border-top-left-radius:0px;border-top-right-radius:0px;border-bottom-right-radius:0px;border-bottom-left-radius:0px;}.kadence-column265_2bb671-23 > .kt-inside-inner-col{column-gap:var(--global-kb-gap-sm, 1rem);}.kadence-column265_2bb671-23 > .kt-inside-inner-col{flex-direction:column;}.kadence-column265_2bb671-23 > .kt-inside-inner-col > .aligncenter{width:100%;}.kadence-column265_2bb671-23 > .kt-inside-inner-col:before{opacity:0.3;}.kadence-column265_2bb671-23{position:relative;}@media all and (max-width: 1024px){.kadence-column265_2bb671-23 > .kt-inside-inner-col{flex-direction:column;justify-content:center;}}@media all and (max-width: 767px){.kadence-column265_2bb671-23 > .kt-inside-inner-col{flex-direction:column;justify-content:center;}}<\/style>\n<div class=\"wp-block-kadence-column kadence-column265_2bb671-23\"><div class=\"kt-inside-inner-col\"><style>.wp-block-kadence-column.kb-section-dir-horizontal > .kt-inside-inner-col > .kt-info-box265_beca43-12 .kt-blocks-info-box-link-wrap{max-width:unset;}.kt-info-box265_beca43-12 .kt-blocks-info-box-link-wrap{background:rgba(0,0,0,0);padding-top:var(--global-kb-spacing-xs, 1rem);padding-right:var(--global-kb-spacing-xs, 1rem);padding-bottom:var(--global-kb-spacing-xs, 1rem);padding-left:var(--global-kb-spacing-xs, 1rem);}.kt-info-box265_beca43-12 .kadence-info-box-icon-container .kt-info-svg-icon, .kt-info-box265_beca43-12 .kt-info-svg-icon-flip, .kt-info-box265_beca43-12 .kt-blocks-info-box-number{font-size:50px;}.kt-info-box265_beca43-12 .kt-blocks-info-box-media{color:var(--global-palette9, #ffffff);border-top-width:0px;border-right-width:0px;border-bottom-width:0px;border-left-width:0px;padding-top:10px;padding-right:10px;padding-bottom:10px;padding-left:10px;}.kt-info-box265_beca43-12 .kt-blocks-info-box-media-container{margin-top:0px;margin-right:15px;margin-bottom:0px;margin-left:15px;}.kt-info-box265_beca43-12 .kt-infobox-textcontent h2.kt-blocks-info-box-title{color:var(--global-palette9, #ffffff);}.kt-info-box265_beca43-12 .kt-infobox-textcontent .kt-blocks-info-box-text{color:var(--global-palette9, #ffffff);}.kt-info-box265_beca43-12 .kt-blocks-info-box-learnmore{color:var(--global-palette9, #ffffff);background:transparent;border-color:var(--global-palette9, #ffffff);border-width:1px 0px 0px 0px;padding-top:10px;padding-right:40px;padding-bottom:0px;padding-left:40px;margin-top:30px;margin-right:0px;margin-bottom:10px;margin-left:0px;}<\/style>\n<div class=\"wp-block-kadence-infobox kt-info-box265_beca43-12\"><span class=\"kt-blocks-info-box-link-wrap info-box-link kt-blocks-info-box-media-align-top kt-info-halign-center\"><div class=\"kt-infobox-textcontent\"><p class=\"kt-blocks-info-box-text\">Integrant del grup de treball <strong>Psicoan\u00e0lisi i societat al Col\u00b7legi Oficial de Psic\u00f2legs de Catalunya<\/strong> (COPC): La meva participaci\u00f3 en aquest grup m&#8217;ha perm\u00e8s estar al dia en les \u00faltimes tend\u00e8ncies de la psicoan\u00e0lisi i la seva aplicaci\u00f3 a l&#8217;\u00e0mbit social, aix\u00ed com col\u00b7laborar en la difusi\u00f3 del coneixement psicoanal\u00edtic.<\/p><\/div><\/span><\/div>\n<\/div><\/div>\n\n\n<style>.kadence-column265_82c366-72 > .kt-inside-inner-col,.kadence-column265_82c366-72 > .kt-inside-inner-col:before{border-top-left-radius:0px;border-top-right-radius:0px;border-bottom-right-radius:0px;border-bottom-left-radius:0px;}.kadence-column265_82c366-72 > .kt-inside-inner-col{column-gap:var(--global-kb-gap-sm, 1rem);}.kadence-column265_82c366-72 > .kt-inside-inner-col{flex-direction:column;}.kadence-column265_82c366-72 > .kt-inside-inner-col > .aligncenter{width:100%;}.kadence-column265_82c366-72 > .kt-inside-inner-col:before{opacity:0.3;}.kadence-column265_82c366-72{position:relative;}@media all and (max-width: 1024px){.kadence-column265_82c366-72 > .kt-inside-inner-col{flex-direction:column;justify-content:center;}}@media all and (max-width: 767px){.kadence-column265_82c366-72 > .kt-inside-inner-col{flex-direction:column;justify-content:center;}}<\/style>\n<div class=\"wp-block-kadence-column kadence-column265_82c366-72\"><div class=\"kt-inside-inner-col\"><style>.wp-block-kadence-column.kb-section-dir-horizontal > .kt-inside-inner-col > .kt-info-box265_c53db8-d4 .kt-blocks-info-box-link-wrap{max-width:unset;}.kt-info-box265_c53db8-d4 .kt-blocks-info-box-link-wrap{background:rgba(0,0,0,0);padding-top:var(--global-kb-spacing-xs, 1rem);padding-right:var(--global-kb-spacing-xs, 1rem);padding-bottom:var(--global-kb-spacing-xs, 1rem);padding-left:var(--global-kb-spacing-xs, 1rem);}.kt-info-box265_c53db8-d4 .kadence-info-box-icon-container .kt-info-svg-icon, .kt-info-box265_c53db8-d4 .kt-info-svg-icon-flip, .kt-info-box265_c53db8-d4 .kt-blocks-info-box-number{font-size:50px;}.kt-info-box265_c53db8-d4 .kt-blocks-info-box-media{color:var(--global-palette9, #ffffff);border-top-width:0px;border-right-width:0px;border-bottom-width:0px;border-left-width:0px;padding-top:10px;padding-right:10px;padding-bottom:10px;padding-left:10px;}.kt-info-box265_c53db8-d4 .kt-blocks-info-box-media-container{margin-top:0px;margin-right:15px;margin-bottom:0px;margin-left:15px;}.kt-info-box265_c53db8-d4 .kt-infobox-textcontent h2.kt-blocks-info-box-title{color:var(--global-palette9, #ffffff);}.kt-info-box265_c53db8-d4 .kt-infobox-textcontent .kt-blocks-info-box-text{color:var(--global-palette9, #ffffff);}.kt-info-box265_c53db8-d4 .kt-blocks-info-box-learnmore{color:var(--global-palette9, #ffffff);background:transparent;border-color:var(--global-palette9, #ffffff);border-width:1px 0px 0px 0px;padding-top:10px;padding-right:40px;padding-bottom:0px;padding-left:40px;margin-top:30px;margin-right:0px;margin-bottom:10px;margin-left:0px;}<\/style>\n<div class=\"wp-block-kadence-infobox kt-info-box265_c53db8-d4\"><span class=\"kt-blocks-info-box-link-wrap info-box-link kt-blocks-info-box-media-align-top kt-info-halign-center\"><div class=\"kt-infobox-textcontent\"><p class=\"kt-blocks-info-box-text\">Experi\u00e8ncia en centre de salut mental per a adults (CSMA) a <strong>Germanes Hospital\u00e0ries del Sagrat Cor<\/strong> : Durant la meva estada en aquest centre, vaig adquirir experi\u00e8ncia en l&#8217;atenci\u00f3 a persones amb trastorns mentals severs i cr\u00f2nics, aix\u00ed com en la coordinaci\u00f3 d&#8217;equips interdisciplinaris.<\/p><\/div><\/span><\/div>\n<\/div><\/div>\n\n<\/div><\/div>","protected":false},"excerpt":{"rendered":"<p>Eduard Mart\u00edn Perfil Professional S\u00f3c psic\u00f2leg d&#8217;orientaci\u00f3 psicoanal\u00edtica format a la Universitat Oberta de Catalunya amb un m\u00e0ster en Actuaci\u00f3 Cl\u00ednica en Psicoan\u00e0lisi i Psicopatologia per la Universitat de Barcelona . La meva formaci\u00f3 acad\u00e8mica, combinada amb la meva experi\u00e8ncia pr\u00e0ctica, m&#8217;ha perm\u00e8s desenvolupar una base s\u00f2lida en el tractament de diverses problem\u00e0tiques psicol\u00f2giques en&#8230;<\/p>\n","protected":false},"author":1,"featured_media":0,"parent":0,"menu_order":0,"comment_status":"closed","ping_status":"closed","template":"","meta":{"_kad_blocks_custom_css":"","_kad_blocks_head_custom_js":"","_kad_blocks_body_custom_js":"","_kad_blocks_footer_custom_js":"","_kad_post_transparent":"","_kad_post_title":"","_kad_post_layout":"","_kad_post_sidebar_id":"","_kad_post_content_style":"","_kad_post_vertical_padding":"","_kad_post_feature":"","_kad_post_feature_position":"","_kad_post_header":false,"_kad_post_footer":false,"_kad_post_classname":"","_joinchat":[],"footnotes":""},"class_list":["post-382","page","type-page","status-publish","hentry"],"taxonomy_info":[],"featured_image_src_large":false,"author_info":{"display_name":"admin","author_link":"https:\/\/eduardmartin.com\/ca\/author\/empiezapori\/"},"comment_info":0,"_links":{"self":[{"href":"https:\/\/eduardmartin.com\/ca\/wp-json\/wp\/v2\/pages\/382","targetHints":{"allow":["GET"]}}],"collection":[{"href":"https:\/\/eduardmartin.com\/ca\/wp-json\/wp\/v2\/pages"}],"about":[{"href":"https:\/\/eduardmartin.com\/ca\/wp-json\/wp\/v2\/types\/page"}],"author":[{"embeddable":true,"href":"https:\/\/eduardmartin.com\/ca\/wp-json\/wp\/v2\/users\/1"}],"replies":[{"embeddable":true,"href":"https:\/\/eduardmartin.com\/ca\/wp-json\/wp\/v2\/comments?post=382"}],"version-history":[{"count":2,"href":"https:\/\/eduardmartin.com\/ca\/wp-json\/wp\/v2\/pages\/382\/revisions"}],"predecessor-version":[{"id":518,"href":"https:\/\/eduardmartin.com\/ca\/wp-json\/wp\/v2\/pages\/382\/revisions\/518"}],"wp:attachment":[{"href":"https:\/\/eduardmartin.com\/ca\/wp-json\/wp\/v2\/media?parent=382"}],"curies":[{"name":"wp","href":"https:\/\/api.w.org\/{rel}","templated":true}]}}